{"id":28,"date":"2021-05-17T08:48:14","date_gmt":"2021-05-17T08:48:14","guid":{"rendered":"https:\/\/whatsnew.pub\/?page_id=28"},"modified":"2023-09-30T12:26:04","modified_gmt":"2023-09-30T12:26:04","slug":"ueber-uns","status":"publish","type":"page","link":"http:\/\/www.whatsnew.pub\/?page_id=28","title":{"rendered":"\u00dcber uns"},"content":{"rendered":"\n<figure class=\"wp-block-image size-large\"><img loading=\"lazy\" decoding=\"async\" width=\"1024\" height=\"683\" src=\"https:\/\/www.whatsnew.pub\/wp-content\/uploads\/2022\/09\/30-1024x683.jpg\" alt=\"\" class=\"wp-image-153\" srcset=\"http:\/\/www.whatsnew.pub\/wp-content\/uploads\/2022\/09\/30-1024x683.jpg 1024w, http:\/\/www.whatsnew.pub\/wp-content\/uploads\/2022\/09\/30-300x200.jpg 300w, http:\/\/www.whatsnew.pub\/wp-content\/uploads\/2022\/09\/30-768x512.jpg 768w, http:\/\/www.whatsnew.pub\/wp-content\/uploads\/2022\/09\/30-1536x1024.jpg 1536w, http:\/\/www.whatsnew.pub\/wp-content\/uploads\/2022\/09\/30-2048x1365.jpg 2048w\" sizes=\"auto, (max-width: 767px) 89vw, (max-width: 1000px) 54vw, (max-width: 1071px) 543px, 580px\" \/><\/figure>\n\n\n\n<p class=\"has-text-color\" style=\"color:#008800;line-height:1.2\">Wir sind ein dynamisches Paar, das sich voll und ganz der Gastlichkeit verschrieben hat. Unser Credo: &#8222;<strong>Gut, g\u00fcnstig, und vor allem gem\u00fctlich!&#8220;<\/strong><\/p>\n\n\n\n<p class=\"has-text-color\" style=\"color:#008800;line-height:1.2\">Aber auch <strong>Spa\u00df<\/strong> und <strong>Unterhaltung<\/strong> <strong>f\u00fcr unsere G\u00e4ste<\/strong> sollen auf keinen Fall zu kurz kommen!<\/p>\n\n\n\n<p class=\"has-text-color\" style=\"color:#008800;line-height:1.2\">Wir veranstalten deshalb regelm\u00e4\u00dfig <strong>saisonale Feste<\/strong> mit live Musik, <strong>Pubquiz<\/strong>, spontane <strong>jamsessions<\/strong>,<strong> Kartenrunden<\/strong>, wie z.B. Tarock oder Schnapsen. <\/p>\n\n\n\n<p class=\"has-text-color\" style=\"color:#008800;line-height:1.2\">Gerne richten wir auch <strong>individuelle Feiern  f\u00fcr unterschiedliche Anl\u00e4sse <\/strong>aus, wir freuen uns auf eure Anfragen!<\/p>\n\n\n\n<p><\/p>\n","protected":false},"excerpt":{"rendered":"<p>Wir sind ein dynamisches Paar, das sich voll und ganz der Gastlichkeit verschrieben hat. Unser Credo: &#8222;Gut, g\u00fcnstig, und vor allem gem\u00fctlich!&#8220; Aber auch Spa\u00df und Unterhaltung f\u00fcr unsere G\u00e4ste sollen auf keinen Fall zu kurz kommen! Wir veranstalten deshalb regelm\u00e4\u00dfig saisonale Feste mit live Musik, Pubquiz, spontane jamsessions, Kartenrunden, wie z.B. Tarock oder Schnapsen. &hellip; <\/p>\n<p class=\"link-more\"><a href=\"http:\/\/www.whatsnew.pub\/?page_id=28\" class=\"more-link\"><span class=\"screen-reader-text\">\u201e\u00dcber uns\u201c<\/span> weiterlesen<\/a><\/p>\n","protected":false},"author":1,"featured_media":0,"parent":0,"menu_order":0,"comment_status":"closed","ping_status":"closed","template":"","meta":{"footnotes":""},"class_list":["post-28","page","type-page","status-publish","hentry"],"yoast_head":"<!-- This site is optimized with the Yoast SEO plugin v20.1 - https:\/\/yoast.com\/wordpress\/plugins\/seo\/ -->\n<title>\u00dcber uns - Herzlich Willkommen im What\u00b4s new!<\/title>\n<meta name=\"robots\" content=\"index, follow, max-snippet:-1, max-image-preview:large, max-video-preview:-1\" \/>\n<link rel=\"canonical\" href=\"http:\/\/www.whatsnew.pub\/?page_id=28\" \/>\n<meta property=\"og:locale\" content=\"de_DE\" \/>\n<meta property=\"og:type\" content=\"article\" \/>\n<meta property=\"og:title\" content=\"\u00dcber uns - Herzlich Willkommen im What\u00b4s new!\" \/>\n<meta property=\"og:description\" content=\"Wir sind ein dynamisches Paar, das sich voll und ganz der Gastlichkeit verschrieben hat. Unser Credo: &#8222;Gut, g\u00fcnstig, und vor allem gem\u00fctlich!&#8220; Aber auch Spa\u00df und Unterhaltung f\u00fcr unsere G\u00e4ste sollen auf keinen Fall zu kurz kommen! Wir veranstalten deshalb regelm\u00e4\u00dfig saisonale Feste mit live Musik, Pubquiz, spontane jamsessions, Kartenrunden, wie z.B. Tarock oder Schnapsen. &hellip; \u201e\u00dcber uns\u201c weiterlesen\" \/>\n<meta property=\"og:url\" content=\"http:\/\/www.whatsnew.pub\/?page_id=28\" \/>\n<meta property=\"og:site_name\" content=\"Herzlich Willkommen im What\u00b4s new!\" \/>\n<meta property=\"article:modified_time\" content=\"2023-09-30T12:26:04+00:00\" \/>\n<meta property=\"og:image\" content=\"https:\/\/www.whatsnew.pub\/wp-content\/uploads\/2022\/09\/30-1024x683.jpg\" \/>\n<meta name=\"twitter:card\" content=\"summary_large_image\" \/>\n<meta name=\"twitter:label1\" content=\"Gesch\u00e4tzte Lesezeit\" \/>\n\t<meta name=\"twitter:data1\" content=\"1\u00a0Minute\" \/>\n<script type=\"application\/ld+json\" class=\"yoast-schema-graph\">{\"@context\":\"https:\/\/schema.org\",\"@graph\":[{\"@type\":\"WebPage\",\"@id\":\"http:\/\/www.whatsnew.pub\/?page_id=28\",\"url\":\"http:\/\/www.whatsnew.pub\/?page_id=28\",\"name\":\"\u00dcber uns - Herzlich Willkommen im What\u00b4s new!\",\"isPartOf\":{\"@id\":\"http:\/\/www.whatsnew.pub\/#website\"},\"datePublished\":\"2021-05-17T08:48:14+00:00\",\"dateModified\":\"2023-09-30T12:26:04+00:00\",\"breadcrumb\":{\"@id\":\"http:\/\/www.whatsnew.pub\/?page_id=28#breadcrumb\"},\"inLanguage\":\"de\",\"potentialAction\":[{\"@type\":\"ReadAction\",\"target\":[\"http:\/\/www.whatsnew.pub\/?page_id=28\"]}]},{\"@type\":\"BreadcrumbList\",\"@id\":\"http:\/\/www.whatsnew.pub\/?page_id=28#breadcrumb\",\"itemListElement\":[{\"@type\":\"ListItem\",\"position\":1,\"name\":\"Startseite\",\"item\":\"http:\/\/www.whatsnew.pub\/\"},{\"@type\":\"ListItem\",\"position\":2,\"name\":\"\u00dcber uns\"}]},{\"@type\":\"WebSite\",\"@id\":\"http:\/\/www.whatsnew.pub\/#website\",\"url\":\"http:\/\/www.whatsnew.pub\/\",\"name\":\"Willkommen im What\u00b4s new\",\"description\":\"Mo - So 17:00 - 01:00, feiertags geschlossen\",\"publisher\":{\"@id\":\"http:\/\/www.whatsnew.pub\/#organization\"},\"potentialAction\":[{\"@type\":\"SearchAction\",\"target\":{\"@type\":\"EntryPoint\",\"urlTemplate\":\"http:\/\/www.whatsnew.pub\/?s={search_term_string}\"},\"query-input\":\"required name=search_term_string\"}],\"inLanguage\":\"de\"},{\"@type\":\"Organization\",\"@id\":\"http:\/\/www.whatsnew.pub\/#organization\",\"name\":\"whatsnew.pub\",\"url\":\"http:\/\/www.whatsnew.pub\/\",\"logo\":{\"@type\":\"ImageObject\",\"inLanguage\":\"de\",\"@id\":\"http:\/\/www.whatsnew.pub\/#\/schema\/logo\/image\/\",\"url\":\"https:\/\/www.whatsnew.pub\/wp-content\/uploads\/2021\/05\/MA011044_Ausschnitt3134x1686-1-scaled.jpg\",\"contentUrl\":\"https:\/\/www.whatsnew.pub\/wp-content\/uploads\/2021\/05\/MA011044_Ausschnitt3134x1686-1-scaled.jpg\",\"width\":2560,\"height\":1377,\"caption\":\"whatsnew.pub\"},\"image\":{\"@id\":\"http:\/\/www.whatsnew.pub\/#\/schema\/logo\/image\/\"}}]}<\/script>\n<!-- \/ Yoast SEO plugin. -->","yoast_head_json":{"title":"\u00dcber uns - Herzlich Willkommen im What\u00b4s new!","robots":{"index":"index","follow":"follow","max-snippet":"max-snippet:-1","max-image-preview":"max-image-preview:large","max-video-preview":"max-video-preview:-1"},"canonical":"http:\/\/www.whatsnew.pub\/?page_id=28","og_locale":"de_DE","og_type":"article","og_title":"\u00dcber uns - Herzlich Willkommen im What\u00b4s new!","og_description":"Wir sind ein dynamisches Paar, das sich voll und ganz der Gastlichkeit verschrieben hat. Unser Credo: &#8222;Gut, g\u00fcnstig, und vor allem gem\u00fctlich!&#8220; Aber auch Spa\u00df und Unterhaltung f\u00fcr unsere G\u00e4ste sollen auf keinen Fall zu kurz kommen! Wir veranstalten deshalb regelm\u00e4\u00dfig saisonale Feste mit live Musik, Pubquiz, spontane jamsessions, Kartenrunden, wie z.B. Tarock oder Schnapsen. &hellip; \u201e\u00dcber uns\u201c weiterlesen","og_url":"http:\/\/www.whatsnew.pub\/?page_id=28","og_site_name":"Herzlich Willkommen im What\u00b4s new!","article_modified_time":"2023-09-30T12:26:04+00:00","og_image":[{"url":"https:\/\/www.whatsnew.pub\/wp-content\/uploads\/2022\/09\/30-1024x683.jpg"}],"twitter_card":"summary_large_image","twitter_misc":{"Gesch\u00e4tzte Lesezeit":"1\u00a0Minute"},"schema":{"@context":"https:\/\/schema.org","@graph":[{"@type":"WebPage","@id":"http:\/\/www.whatsnew.pub\/?page_id=28","url":"http:\/\/www.whatsnew.pub\/?page_id=28","name":"\u00dcber uns - Herzlich Willkommen im What\u00b4s new!","isPartOf":{"@id":"http:\/\/www.whatsnew.pub\/#website"},"datePublished":"2021-05-17T08:48:14+00:00","dateModified":"2023-09-30T12:26:04+00:00","breadcrumb":{"@id":"http:\/\/www.whatsnew.pub\/?page_id=28#breadcrumb"},"inLanguage":"de","potentialAction":[{"@type":"ReadAction","target":["http:\/\/www.whatsnew.pub\/?page_id=28"]}]},{"@type":"BreadcrumbList","@id":"http:\/\/www.whatsnew.pub\/?page_id=28#breadcrumb","itemListElement":[{"@type":"ListItem","position":1,"name":"Startseite","item":"http:\/\/www.whatsnew.pub\/"},{"@type":"ListItem","position":2,"name":"\u00dcber uns"}]},{"@type":"WebSite","@id":"http:\/\/www.whatsnew.pub\/#website","url":"http:\/\/www.whatsnew.pub\/","name":"Willkommen im What\u00b4s new","description":"Mo - So 17:00 - 01:00, feiertags geschlossen","publisher":{"@id":"http:\/\/www.whatsnew.pub\/#organization"},"potentialAction":[{"@type":"SearchAction","target":{"@type":"EntryPoint","urlTemplate":"http:\/\/www.whatsnew.pub\/?s={search_term_string}"},"query-input":"required name=search_term_string"}],"inLanguage":"de"},{"@type":"Organization","@id":"http:\/\/www.whatsnew.pub\/#organization","name":"whatsnew.pub","url":"http:\/\/www.whatsnew.pub\/","logo":{"@type":"ImageObject","inLanguage":"de","@id":"http:\/\/www.whatsnew.pub\/#\/schema\/logo\/image\/","url":"https:\/\/www.whatsnew.pub\/wp-content\/uploads\/2021\/05\/MA011044_Ausschnitt3134x1686-1-scaled.jpg","contentUrl":"https:\/\/www.whatsnew.pub\/wp-content\/uploads\/2021\/05\/MA011044_Ausschnitt3134x1686-1-scaled.jpg","width":2560,"height":1377,"caption":"whatsnew.pub"},"image":{"@id":"http:\/\/www.whatsnew.pub\/#\/schema\/logo\/image\/"}}]}},"_links":{"self":[{"href":"http:\/\/www.whatsnew.pub\/index.php?rest_route=\/wp\/v2\/pages\/28","targetHints":{"allow":["GET"]}}],"collection":[{"href":"http:\/\/www.whatsnew.pub\/index.php?rest_route=\/wp\/v2\/pages"}],"about":[{"href":"http:\/\/www.whatsnew.pub\/index.php?rest_route=\/wp\/v2\/types\/page"}],"author":[{"embeddable":true,"href":"http:\/\/www.whatsnew.pub\/index.php?rest_route=\/wp\/v2\/users\/1"}],"replies":[{"embeddable":true,"href":"http:\/\/www.whatsnew.pub\/index.php?rest_route=%2Fwp%2Fv2%2Fcomments&post=28"}],"version-history":[{"count":14,"href":"http:\/\/www.whatsnew.pub\/index.php?rest_route=\/wp\/v2\/pages\/28\/revisions"}],"predecessor-version":[{"id":238,"href":"http:\/\/www.whatsnew.pub\/index.php?rest_route=\/wp\/v2\/pages\/28\/revisions\/238"}],"wp:attachment":[{"href":"http:\/\/www.whatsnew.pub\/index.php?rest_route=%2Fwp%2Fv2%2Fmedia&parent=28"}],"curies":[{"name":"wp","href":"https:\/\/api.w.org\/{rel}","templated":true}]}}